{"id":2,"date":"2014-03-20T10:12:27","date_gmt":"2014-03-20T10:12:27","guid":{"rendered":"https:\/\/blog.crei.ffspeleo.fr\/?page_id=2"},"modified":"2014-03-21T08:38:32","modified_gmt":"2014-03-21T07:38:32","slug":"page-d-exemple","status":"publish","type":"page","link":"https:\/\/blog.crei.ffspeleo.fr\/?page_id=2","title":{"rendered":"CREI"},"content":{"rendered":"<h3>Commission relations et exp\u00e9ditions internationales \u2013 F\u00e9d\u00e9ration Fran\u00e7aise de Sp\u00e9l\u00e9ologie<\/h3>\n<h3>Missions :<\/h3>\n<h4>Gestion des exp\u00e9ditions<\/h4>\n<p>R\u00e9pondre aux demandes de renseignements (bibliographie, exp\u00e9ditions pr\u00e9c\u00e9dentes, adresses\u2026).<br \/>\nAttribuer des parrainages FFS.<br \/>\nRecevoir les r\u00e9sum\u00e9s d\u2019exp\u00e9dition.<br \/>\nG\u00e9rer la base des donn\u00e9es d\u2019exp\u00e9dition.<br \/>\nRecevoir les rapports d\u2019exp\u00e9dition et mettre en \u0153uvre leur analyse par un comit\u00e9 de lecture.<br \/>\nProposer au Bureau f\u00e9d\u00e9ral la liste annuelle des attributions et des versements de l\u2019aide f\u00e9d\u00e9rale aux exp\u00e9ditions.<br \/>\nAnalyser pour le BBS des rapports d\u2019exp\u00e9dition et publications fran\u00e7aises sur l\u2019\u00e9tranger.<br \/>\nG\u00e9rer les exp\u00e9ditions nationales en collaboration avec le Bureau f\u00e9d\u00e9ral.<br \/>\nPr\u00eater du mat\u00e9riel technique sp\u00e9cialis\u00e9 aux exp\u00e9ditions et g\u00e9rer la maintenance de ce mat\u00e9riel.<\/p>\n<h4>Actions internationales<\/h4>\n<p>D\u00e9finir le programme annuel des actions internationales, en collaboration avec les commissions et le Bureau f\u00e9d\u00e9ral.<br \/>\nG\u00e9rer le budget des actions internationales : ouverture d\u2019une ligne de cr\u00e9dit par action.<br \/>\nSuivre les actions ; recevoir et \u00e9tudier les comptes rendus d\u2019action.<br \/>\nEffectuer la gestion financi\u00e8re des actions.<\/p>\n<h4>Accord bi-gouvernementaux<\/h4>\n<p>D\u00e9finir le programme annuel de demande d\u2019accords, en collaboration avec le Bureau f\u00e9d\u00e9ral, le DTN et les commissions.<br \/>\nMettre en oeuvre les accords accept\u00e9s.<br \/>\nG\u00e9rer les informations re\u00e7ues du minist\u00e8re.<br \/>\nG\u00e9rer les contacts avec les f\u00e9d\u00e9rations \u00e9trang\u00e8res ou leur \u00e9quivalent : lettres officielles d\u2019invitation ou autres, et transmission des informations au Bureau f\u00e9d\u00e9ral et au DTN.<br \/>\nEffectuer le suivi des actions, recevoir et \u00e9tudier les comptes rendus d\u2019action.<br \/>\nEffectuer la gestion financi\u00e8re des actions.<\/p>\n<h4>Autres<\/h4>\n<p>Transmettre \u00e0 la Commission documentation, pour d\u00e9p\u00f4t \u00e0 la biblioth\u00e8que f\u00e9d\u00e9rale, les comptes rendus d\u2019exp\u00e9dition.<br \/>\nG\u00e9rer un fichier op\u00e9rationnel d\u2019adresses internationales.<br \/>\nPublier un rapport d\u2019activit\u00e9s annuel, suivant les recommandations \u00e9tablies par la Commission des publications.<br \/>\nPublier une feuille d\u2019information trimestrielle, suivant les recommandations \u00e9tablies par la Commission des publications.<br \/>\nParticipation aux \u00e9changes de publications lors des congr\u00e8s.<br \/>\nTransmission d\u2019informations aux f\u00e9d\u00e9rations \u00e9trang\u00e8res.<br \/>\nSuivi des travaux de l\u2019UIS, de la FSE et de la FEALC.<\/p>\n","protected":false},"excerpt":{"rendered":"<p>Commission relations et exp\u00e9ditions internationales \u2013 F\u00e9d\u00e9ration Fran\u00e7aise de Sp\u00e9l\u00e9ologie Missions : Gestion des exp\u00e9ditions R\u00e9pondre aux demandes de renseignements (bibliographie, exp\u00e9ditions pr\u00e9c\u00e9dentes, adresses\u2026). Attribuer des parrainages FFS. Recevoir les r\u00e9sum\u00e9s d\u2019exp\u00e9dition. G\u00e9rer la base des donn\u00e9es d\u2019exp\u00e9dition. Recevoir les rapports d\u2019exp\u00e9dition et mettre en \u0153uvre leur analyse par un comit\u00e9 de lecture. Proposer au &hellip; <a href=\"https:\/\/blog.crei.ffspeleo.fr\/?page_id=2\" class=\"more-link\">Continuer la lecture de <span class=\"screen-reader-text\">CREI<\/span>  <span class=\"meta-nav\">&rarr;<\/span><\/a><\/p>\n","protected":false},"author":1,"featured_media":0,"parent":0,"menu_order":0,"comment_status":"open","ping_status":"open","template":"","meta":{"footnotes":""},"class_list":["post-2","page","type-page","status-publish","hentry"],"_links":{"self":[{"href":"https:\/\/blog.crei.ffspeleo.fr\/index.php?rest_route=\/wp\/v2\/pages\/2","targetHints":{"allow":["GET"]}}],"collection":[{"href":"https:\/\/blog.crei.ffspeleo.fr\/index.php?rest_route=\/wp\/v2\/pages"}],"about":[{"href":"https:\/\/blog.crei.ffspeleo.fr\/index.php?rest_route=\/wp\/v2\/types\/page"}],"author":[{"embeddable":true,"href":"https:\/\/blog.crei.ffspeleo.fr\/index.php?rest_route=\/wp\/v2\/users\/1"}],"replies":[{"embeddable":true,"href":"https:\/\/blog.crei.ffspeleo.fr\/index.php?rest_route=%2Fwp%2Fv2%2Fcomments&post=2"}],"version-history":[{"count":2,"href":"https:\/\/blog.crei.ffspeleo.fr\/index.php?rest_route=\/wp\/v2\/pages\/2\/revisions"}],"predecessor-version":[{"id":40,"href":"https:\/\/blog.crei.ffspeleo.fr\/index.php?rest_route=\/wp\/v2\/pages\/2\/revisions\/40"}],"wp:attachment":[{"href":"https:\/\/blog.crei.ffspeleo.fr\/index.php?rest_route=%2Fwp%2Fv2%2Fmedia&parent=2"}],"curies":[{"name":"wp","href":"https:\/\/api.w.org\/{rel}","templated":true}]}}